{"id":3328,"date":"2025-03-21T23:13:54","date_gmt":"2025-03-21T22:13:54","guid":{"rendered":"https:\/\/madtechnologies.eu\/?post_type=product&#038;p=3328"},"modified":"2025-07-08T12:25:04","modified_gmt":"2025-07-08T10:25:04","slug":"regulus-3","status":"publish","type":"product","link":"https:\/\/madtechnologies.eu\/pl\/sklep\/optoelektronika\/regulus-3\/","title":{"rendered":"REGULUS-3"},"content":{"rendered":"<p>The Regulus\u20113 miniature optoelectronic observation sensor set is a device that allows the observation and tracking of land, water and air\u2011borne objects. It is built based on an uncooled high\u2011resolution thermal camera, a daylight camera with a switchable field of view and a stabilized tilt and turn platform. The head is designed for mounting on unmanned aerial vehicles. Integration with object tracking systems is possible.<\/p>\n<p><!--more--><\/p>\n<p><img fetchpriority=\"high\" decoding=\"async\" class=\"alignnone size-medium wp-image-3330\" src=\"https:\/\/madtechnologies.eu\/wp-content\/uploads\/2025\/03\/Regulus2-300x214.png\" alt=\"\" width=\"300\" height=\"214\" \/><\/p>\n","protected":false},"excerpt":{"rendered":"<p>Miniaturowa obserwacyjna g\u0142owica optoelektroniczna Regulus\u20113 jest urz\u0105dzeniem pozwalaj\u0105cym na obserwacj\u0119 i \u015bledzenie obiekt\u00f3w l\u0105dowych, wodnych i powietrznych. Zbudowana jest na bazie niech\u0142odzonej kamery termowizyjnej wysokiej rozdzielczo\u015bci, kamery telewizyjnej z prze\u0142\u0105czanym polem widzenia oraz stabilizowanej platformy obrotowo\u2011uchylnej. G\u0142owica przystosowana jest do monta\u017cu na lataj\u0105cych pojazdach bezza\u0142ogowych. Mo\u017cliwa jest integracja z systemami \u015bledzenia obiekt\u00f3w.<\/p>\n<p><a href=\"https:\/\/madtechnologies.eu\/wp-content\/uploads\/2025\/03\/FL-REGULUS-3-1.1.1-web-1.pdf\"><img decoding=\"async\" class=\"alignnone wp-image-3297 size-full\" src=\"https:\/\/madtechnologies.eu\/wp-content\/uploads\/2025\/02\/icon_download_pdf-1.png\" alt=\"\" width=\"54\" height=\"50\" \/><\/a><\/p>\n","protected":false},"featured_media":3329,"template":"","meta":{"content-type":""},"product_brand":[],"product_cat":[15,70],"product_tag":[],"class_list":{"0":"post-3328","1":"product","2":"type-product","3":"status-publish","4":"has-post-thumbnail","6":"product_cat-optoelektronika","7":"product_cat-glowice-optoelektroniczne","9":"first","10":"instock","11":"shipping-taxable","12":"product-type-simple"},"_links":{"self":[{"href":"https:\/\/madtechnologies.eu\/pl\/wp-json\/wp\/v2\/product\/3328","targetHints":{"allow":["GET"]}}],"collection":[{"href":"https:\/\/madtechnologies.eu\/pl\/wp-json\/wp\/v2\/product"}],"about":[{"href":"https:\/\/madtechnologies.eu\/pl\/wp-json\/wp\/v2\/types\/product"}],"wp:featuredmedia":[{"embeddable":true,"href":"https:\/\/madtechnologies.eu\/pl\/wp-json\/wp\/v2\/media\/3329"}],"wp:attachment":[{"href":"https:\/\/madtechnologies.eu\/pl\/wp-json\/wp\/v2\/media?parent=3328"}],"wp:term":[{"taxonomy":"product_brand","embeddable":true,"href":"https:\/\/madtechnologies.eu\/pl\/wp-json\/wp\/v2\/product_brand?post=3328"},{"taxonomy":"product_cat","embeddable":true,"href":"https:\/\/madtechnologies.eu\/pl\/wp-json\/wp\/v2\/product_cat?post=3328"},{"taxonomy":"product_tag","embeddable":true,"href":"https:\/\/madtechnologies.eu\/pl\/wp-json\/wp\/v2\/product_tag?post=3328"}],"curies":[{"name":"wp","href":"https:\/\/api.w.org\/{rel}","templated":true}]}}