{"id":3293,"date":"2025-02-17T15:38:10","date_gmt":"2025-02-17T14:38:10","guid":{"rendered":"https:\/\/madtechnologies.eu\/?post_type=product&#038;p=3293"},"modified":"2025-02-18T11:48:55","modified_gmt":"2025-02-18T10:48:55","slug":"kamera-termowizyjna","status":"publish","type":"product","link":"https:\/\/madtechnologies.eu\/pl\/sklep\/optoelektronika\/kamera-termowizyjna\/","title":{"rendered":"Kamera termowizyjna"},"content":{"rendered":"","protected":false},"excerpt":{"rendered":"<p>Modu\u0142 KTL jest uniwersaln\u0105 kamer\u0105 termowizyjn\u0105 przeznaczon\u0105 do obserwacji w warunkach widoczno\u015bci: dziennej, nocnej, zamglenia lub zadymienia. Urz\u0105dzenie zbudowano w oparciu o niech\u0142odzony detektor bolometryczny. Modu\u0142 mo\u017ce by\u0107 wyposa\u017cony w atermizowane obiektywy o r\u00f3\u017cnych k\u0105tach pola widzenia, jak r\u00f3wnie\u017c w dodatkow\u0105 przes\u0142on\u0119. Obraz z urz\u0105dzenia jest transmitowany w formie analogowej lub cyfrowej. Modu\u0142 KTL mo\u017ce by\u0107 wykorzystany np. w monitoringu pomieszcze\u0144 i teren\u00f3w, podczas akcji poszukiwawczo\u2013ratunkowych, w nadzorze urz\u0105dze\u0144 i instalacji technologicznych, w bezza\u0142ogowych systemach powietrznych. Opcjonalnie modu\u0142 mo\u017ce by\u0107 wyposa\u017cony w funkcj\u0119 wskazywania obiekt\u00f3w, kt\u00f3rych temperatura zawiera si\u0119 w zdefiniowanym zakresie poprzez pokolorowanie odpowiedniego fragmentu obrazu. Wsz\u0119dzie tam, gdzie wymagana jest wysoka jako\u015b\u0107 obrazu przy niewielkich rozmiarach i wadze, modu\u0142 termowizyjny KTL jest rozwi\u0105zaniem optymalnym.<\/p>\n<p>Do pobrania:<\/p>\n<p><a href=\"https:\/\/madtechnologies.eu\/wp-content\/uploads\/2025\/02\/FL-KTL-1.3-web.pdf\"><img decoding=\"async\" class=\"alignnone wp-image-3297 size-full\" src=\"https:\/\/madtechnologies.eu\/wp-content\/uploads\/2025\/02\/icon_download_pdf-1.png\" alt=\"\" width=\"54\" height=\"50\" \/><\/a><\/p>\n","protected":false},"featured_media":3295,"template":"","meta":{"content-type":""},"product_brand":[],"product_cat":[15,57],"product_tag":[],"class_list":{"0":"post-3293","1":"product","2":"type-product","3":"status-publish","4":"has-post-thumbnail","6":"product_cat-optoelektronika","7":"product_cat-kamery-termowizyjne","9":"first","10":"instock","11":"shipping-taxable","12":"product-type-simple"},"_links":{"self":[{"href":"https:\/\/madtechnologies.eu\/pl\/wp-json\/wp\/v2\/product\/3293","targetHints":{"allow":["GET"]}}],"collection":[{"href":"https:\/\/madtechnologies.eu\/pl\/wp-json\/wp\/v2\/product"}],"about":[{"href":"https:\/\/madtechnologies.eu\/pl\/wp-json\/wp\/v2\/types\/product"}],"wp:featuredmedia":[{"embeddable":true,"href":"https:\/\/madtechnologies.eu\/pl\/wp-json\/wp\/v2\/media\/3295"}],"wp:attachment":[{"href":"https:\/\/madtechnologies.eu\/pl\/wp-json\/wp\/v2\/media?parent=3293"}],"wp:term":[{"taxonomy":"product_brand","embeddable":true,"href":"https:\/\/madtechnologies.eu\/pl\/wp-json\/wp\/v2\/product_brand?post=3293"},{"taxonomy":"product_cat","embeddable":true,"href":"https:\/\/madtechnologies.eu\/pl\/wp-json\/wp\/v2\/product_cat?post=3293"},{"taxonomy":"product_tag","embeddable":true,"href":"https:\/\/madtechnologies.eu\/pl\/wp-json\/wp\/v2\/product_tag?post=3293"}],"curies":[{"name":"wp","href":"https:\/\/api.w.org\/{rel}","templated":true}]}}