{"id":3,"date":"2024-12-05T13:44:35","date_gmt":"2024-12-05T13:44:35","guid":{"rendered":"https:\/\/madtechnologies.eu\/?page_id=3"},"modified":"2025-04-01T11:54:44","modified_gmt":"2025-04-01T09:54:44","slug":"polityka-prywatnosci","status":"publish","type":"page","link":"https:\/\/madtechnologies.eu\/pl\/polityka-prywatnosci\/","title":{"rendered":"Polityka prywatno\u015bci"},"content":{"rendered":"\t\t<div data-elementor-type=\"wp-page\" data-elementor-id=\"3\" class=\"elementor elementor-3\">\n\t\t\t\t<div class=\"elementor-element elementor-element-2e324aa4 e-flex e-con-boxed e-con e-parent\" data-id=\"2e324aa4\" data-element_type=\"container\">\r\n\t\t\t\t\t<div class=\"e-con-inner\">\r\n\t\t\t\t<div class=\"elementor-element elementor-element-30bdb328 elementor-widget elementor-widget-text-editor\" data-id=\"30bdb328\" data-element_type=\"widget\" data-widget_type=\"text-editor.default\">\n\t\t\t\t<div class=\"elementor-widget-container\">\n\t\t\t\t\t\t\t\t\t<h1 class=\"document-heading center\" style=\"text-align: center;\">Polityka prywatno\u015bci Serwisu<\/h1>\n<h2>Drogi U\u017cytkowniku!<\/h2>\nDbamy o Twoj\u0105 prywatno\u015b\u0107 i chcemy, aby\u015b w czasie korzystania z naszych us\u0142ug czu\u0142 si\u0119 komfortowo. Dlatego te\u017c poni\u017cej prezentujemy Ci najwa\u017cniejsze informacje o zasadach przetwarzania przez nas Twoich danych osobowych oraz plikach cookies, kt\u00f3re s\u0105 wykorzystywane przez nasz Serwis. Informacje te zosta\u0142y przygotowane z uwzgl\u0119dnieniem RODO, czyli og\u00f3lnego rozporz\u0105dzenia o ochronie danych.\n<h2>ADMINISTRATOR DANYCH OSOBOWYCH<\/h2>\nElectronic Software Control Systems Sp. z o.o., wpisany do Centralnej Ewidencji i Informacji o Dzia\u0142alno\u015bci Gospodarczej prowadzonej przez ministra w\u0142a\u015bciwego do spraw gospodarki i prowadzenia Centralnej Ewidencji i Informacji o Dzia\u0142alno\u015bci Gospodarczej NIP 8481877719, nr REGON 386657005, KRS 0000848660, UL. HO\u017bA 86 \/ 410, 00-682 WARSZAWA. Je\u015bli chcesz skontaktowa\u0107 si\u0119 z nami w zwi\u0105zku z przetwarzaniem przez nas Twoich danych osobowych, napisz do nas na adres e-mail: biuro@escsystems.pl\n<h2>TWOJE UPRAWNIENIA<\/h2>\nPrzys\u0142uguje Ci prawo \u017c\u0105dania:\n<ul>\n \t<li>dost\u0119pu do Twoich danych osobowych, w tym uzyskania kopii Twoich danych (art. 15 RODO lub \u2013 je\u015bli ma to zastosowanie \u2013 art. 13 ust. 1 lit. f RODO),<\/li>\n \t<li>ich sprostowania (art. 16 RODO),<\/li>\n \t<li>usuni\u0119cia (art. 17 RODO),<\/li>\n \t<li>ograniczenia przetwarzania (art. 18 RODO),<\/li>\n \t<li>przeniesienia danych do innego administratora (art. 20 RODO).<\/li>\n<\/ul>\nA tak\u017ce prawo:\n<ul>\n \t<li>wniesienia w dowolnym momencie sprzeciwu wobec przetwarzania Twoich danych:\n<ul>\n \t<li>z przyczyn zwi\u0105zanych z Twoj\u0105 szczeg\u00f3ln\u0105 sytuacj\u0105 \u2013 wobec przetwarzania dotycz\u0105cych Ciebie danych osobowych, opartego na art. 6 ust. 1 lit. f RODO (tj. na realizowanych przez nas prawnie uzasadnionych interesach), w tym profilowania (art. 21 ust. 1 RODO);<\/li>\n \t<li>je\u017celi dane osobowe s\u0105 przetwarzane na potrzeby marketingu bezpo\u015bredniego, w tym profilowania, w zakresie, w jakim przetwarzanie jest zwi\u0105zane z takim marketingiem bezpo\u015brednim (art. 21 ust. 2 RODO).<\/li>\n<\/ul>\n<\/li>\n<\/ul>\nSkontaktuj si\u0119 z nami, je\u015bli chcesz skorzysta\u0107 ze swoich praw. Sprzeciw w odniesieniu do wykorzystywania przez nas plik\u00f3w cookies (o kt\u00f3rych przeczytasz poni\u017cej) mo\u017cesz wyrazi\u0107 zw\u0142aszcza za pomoc\u0105 odpowiednich ustawie\u0144 przegl\u0105darki. Je\u015bli uznasz, \u017ce Twoje dane s\u0105 przetwarzane niezgodnie z prawem, mo\u017cesz z\u0142o\u017cy\u0107 skarg\u0119 do Prezesa Urz\u0119du Ochrony Danych Osobowych.\n<h2>DANE OSOBOWE I PRYWATNO\u015a\u0106<\/h2>\nPoni\u017cej znajdziesz szczeg\u00f3\u0142owe informacje na temat przetwarzania Twoich danych w zale\u017cno\u015bci od podejmowanych przez Ciebie dzia\u0142a\u0144.\n<h3>1. Skorzystanie z bezp\u0142atnych us\u0142ug oferowanych w Serwisie<\/h3>\n<table>\n<tbody>\n<tr>\n<th>W jakim celu?<\/th>\n<\/tr>\n<tr>\n<td>realizacja umowy o \u015bwiadczenie us\u0142ug oferowanych w Serwisie<\/td>\n<\/tr>\n<tr>\n<th>Na jakiej podstawie?<\/th>\n<\/tr>\n<tr>\n<td>umowa o \u015bwiadczenie us\u0142ug (art. 6 ust. 1 lit. b RODO)<\/td>\n<\/tr>\n<tr>\n<th>Jak d\u0142ugo?<\/th>\n<\/tr>\n<tr>\n<td>przez okres obowi\u0105zywania umowy<\/td>\n<\/tr>\n<tr>\n<td>ponadto, Twoje dane b\u0119d\u0105 przetwarzane do up\u0142ywu okresu, w kt\u00f3rym mo\u017cliwe jest dochodzenie roszcze\u0144 \u2013 przez Ciebie lub przez nas (wi\u0119cej informacji na ten temat znajdziesz w ostatniej tabeli tej sekcji)<\/td>\n<\/tr>\n<tr>\n<th>Co si\u0119 stanie, je\u015bli nie podasz danych?<\/th>\n<\/tr>\n<tr>\n<td>nie b\u0119dziesz mie\u0107 mo\u017cliwo\u015bci skorzystania z naszych us\u0142ug<\/td>\n<\/tr>\n<\/tbody>\n<\/table>\n<h3>2. Nawi\u0105zanie z nami kontaktu (np. w celu zadania pytania)<\/h3>\n<table>\n<tbody>\n<tr>\n<th colspan=\"2\">W jakim celu?<\/th>\n<\/tr>\n<tr>\n<td colspan=\"2\">obs\u0142uga Twoich zapyta\u0144 lub zg\u0142osze\u0144<\/td>\n<\/tr>\n<tr>\n<th colspan=\"2\">Na jakiej podstawie?<\/th>\n<\/tr>\n<tr>\n<td style=\"width: 50%;\">umowa lub dzia\u0142ania podejmowane na Twoje \u017c\u0105danie, zmierzaj\u0105ce do jej zawarcia (art. 6 ust. 1 lit. b RODO) \u2013 w przypadku, gdy Twoje zapytanie lub zg\u0142oszenie dotyczy umowy, kt\u00f3rej jeste\u015bmy lub mo\u017cemy by\u0107 stron\u0105<\/td>\n<td style=\"width: 50%;\">nasz prawnie uzasadniony interes, polegaj\u0105cy na przetwarzaniu Twoich danych w celu prowadzenia z Tob\u0105 komunikacji (art. 6 ust. 1 lit. f RODO) \u2013 je\u017celi Twoje zapytanie lub zg\u0142oszenie nie ma zwi\u0105zku z umow\u0105<\/td>\n<\/tr>\n<tr>\n<th colspan=\"2\">Jak d\u0142ugo?<\/th>\n<\/tr>\n<tr>\n<td style=\"width: 50%;\">przez czas trwania wi\u0105\u017c\u0105cej nas umowy lub \u2013 je\u015bli umowa nie zostanie zawarta \u2013 do up\u0142ywu okresu dochodzenia roszcze\u0144 \u2013 zobacz ostatni\u0105 tabel\u0119 tej sekcji*<\/td>\n<td style=\"width: 50%;\">do up\u0142ywu okresu dochodzenia roszcze\u0144 \u2013 zobacz ostatni\u0105 tabel\u0119 tej sekcji \u2013 lub do momentu, w kt\u00f3rym uwzgl\u0119dnimy Tw\u00f3j sprzeciw wobec przetwarzania*<\/td>\n<\/tr>\n<tr>\n<td colspan=\"2\">ponadto, Twoje dane b\u0119d\u0105 przetwarzane do up\u0142ywu okresu, w kt\u00f3rym mo\u017cliwe jest dochodzenie roszcze\u0144 \u2013 przez Ciebie lub przez nas (wi\u0119cej informacji na ten temat znajdziesz w ostatniej tabeli tej sekcji)<\/td>\n<\/tr>\n<tr>\n<th colspan=\"2\">Co si\u0119 stanie, je\u015bli nie podasz danych?<\/th>\n<\/tr>\n<tr>\n<td colspan=\"2\">nie b\u0119dziemy mieli mo\u017cliwo\u015bci udzielenia odpowiedzi na Twoje zapytanie lub zg\u0142oszenie<\/td>\n<\/tr>\n<\/tbody>\n<\/table>\n* w zale\u017cno\u015bci od tego, kt\u00f3re ma zastosowanie w danym przypadku i kt\u00f3re nast\u0105pi najwcze\u015bniej\n<h3>3. Ustawienia przegl\u0105darki lub inne zbli\u017cone dzia\u0142anie zezwalaj\u0105ce na prowadzenie dzia\u0142a\u0144 marketingowych<\/h3>\n<table>\n<tbody>\n<tr>\n<th>W jakim celu?<\/th>\n<\/tr>\n<tr>\n<td>marketing bezpo\u015bredni, polegaj\u0105cy na wy\u015bwietlaniu spersonalizowanych reklam (wi\u0119cej na ten temat przeczytasz w sekcji \u201eProfilowanie\u201d i \u201ePliki cookies\u201d Polityki prywatno\u015bci).<\/td>\n<\/tr>\n<tr>\n<th>Na jakiej podstawie?<\/th>\n<\/tr>\n<tr>\n<td>nasz prawnie uzasadniony interes, polegaj\u0105cy na przetwarzaniu danych w podanym wy\u017cej celu (art. 6 ust. 1 lit. f RODO)<\/td>\n<\/tr>\n<tr>\n<th>Jak d\u0142ugo?<\/th>\n<\/tr>\n<tr>\n<td>do momentu wyga\u015bni\u0119cia wa\u017cno\u015bci lub usuni\u0119cia przez Ciebie plik\u00f3w cookies, wykorzystywanych do cel\u00f3w marketingowych*<\/td>\n<\/tr>\n<tr>\n<th>Co si\u0119 stanie, je\u015bli nie podasz danych?<\/th>\n<\/tr>\n<tr>\n<td>nie b\u0119dziesz otrzymywa\u0107 sugestii produkt\u00f3w lub us\u0142ug, kt\u00f3rymi mo\u017cesz by\u0107 zainteresowany<\/td>\n<\/tr>\n<\/tbody>\n<\/table>\n* w zale\u017cno\u015bci od tego, kt\u00f3re ma zastosowanie w danym przypadku i kt\u00f3re nast\u0105pi najwcze\u015bniej\n<h3>4. Ustawienia przegl\u0105darki lub inne zbli\u017cone dzia\u0142anie zezwalaj\u0105ce na prowadzenie dzia\u0142a\u0144 analitycznych<\/h3>\n<table>\n<tbody>\n<tr>\n<th colspan=\"2\">W jakim celu?<\/th>\n<\/tr>\n<tr>\n<td colspan=\"2\">analiza sposobu korzystania i poruszania si\u0119 przez Ciebie po stronie internetowej Serwisu, celem dostosowania strony do potrzeb i zachowania U\u017cytkownik\u00f3w (wi\u0119cej na ten temat przeczytasz w sekcji \u201eDzia\u0142ania analityczne\u201d i \u201ePliki cookies\u201d Polityki prywatno\u015bci)<\/td>\n<\/tr>\n<tr>\n<th colspan=\"2\">Na jakiej podstawie?<\/th>\n<\/tr>\n<tr>\n<td colspan=\"2\">nasz prawnie uzasadniony interes, polegaj\u0105cy na przetwarzaniu danych w podanym wy\u017cej celu (art. 6 ust. 1 lit. f RODO)<\/td>\n<\/tr>\n<tr>\n<th colspan=\"2\">Jak d\u0142ugo?<\/th>\n<\/tr>\n<tr>\n<td colspan=\"2\">do momentu wyga\u015bni\u0119cia wa\u017cno\u015bci lub usuni\u0119cia przez Ciebie plik\u00f3w cookies, wykorzystywanych do cel\u00f3w analitycznych*<\/td>\n<\/tr>\n<tr>\n<th colspan=\"2\">Co si\u0119 stanie, je\u015bli nie podasz danych?<\/th>\n<\/tr>\n<tr>\n<td colspan=\"2\">nie uwzgl\u0119dnimy Twoich preferencji dotycz\u0105cych korzystania z Serwisu w pracach nad jego rozwojem<\/td>\n<\/tr>\n<\/tbody>\n<\/table>\n* w zale\u017cno\u015bci od tego, kt\u00f3re ma zastosowanie w danym przypadku i kt\u00f3re nast\u0105pi najwcze\u015bniej\n<h3>5. Wyra\u017cenie przez Ciebie zgody na otrzymywanie od nas tre\u015bci marketingowych (np. informacji o ofertach specjalnych)<\/h3>\n<table>\n<tbody>\n<tr>\n<th>W jakim celu?<\/th>\n<\/tr>\n<tr>\n<td>wysy\u0142ka informacji marketingowych, zw\u0142aszcza ofert specjalnych<\/td>\n<\/tr>\n<tr>\n<th>Na jakiej podstawie?<\/th>\n<\/tr>\n<tr>\n<td>Twoja zgoda na nasze dzia\u0142ania marketingowe (art. 6 ust. 1 lit. a RODO)<\/td>\n<\/tr>\n<tr>\n<th>Jak d\u0142ugo?<\/th>\n<\/tr>\n<tr>\n<td>do momentu wycofania przez Ciebie zgody \u2013 pami\u0119taj, w ka\u017cdej chwili mo\u017cesz wycofa\u0107 zgod\u0119. Przetwarzanie danych do momentu cofni\u0119cia przez Ciebie zgody pozostaje zgodne z prawem.<\/td>\n<\/tr>\n<tr>\n<td>ponadto, Twoje dane b\u0119d\u0105 przetwarzane do up\u0142ywu okresu, w kt\u00f3rym mo\u017cliwe jest dochodzenie roszcze\u0144 \u2013 przez Ciebie lub przez nas (wi\u0119cej informacji na ten temat znajdziesz w ostatniej tabeli tej sekcji)<\/td>\n<\/tr>\n<tr>\n<th>Co si\u0119 stanie, je\u015bli nie podasz danych?<\/th>\n<\/tr>\n<tr>\n<td>nie b\u0119dziesz otrzymywa\u0107 naszych materia\u0142\u00f3w marketingowych, w tym informacji o naszych ofertach specjalnych<\/td>\n<\/tr>\n<\/tbody>\n<\/table>\n<h3>6. Subskrypcja newslettera<\/h3>\n<table>\n<tbody>\n<tr>\n<th colspan=\"2\">W jakim celu?<\/th>\n<\/tr>\n<tr>\n<td colspan=\"2\">wysy\u0142anie newslettera<\/td>\n<\/tr>\n<tr>\n<th colspan=\"2\">Na jakiej podstawie?<\/th>\n<\/tr>\n<tr>\n<td colspan=\"2\">umowa o \u015bwiadczenie us\u0142ugi wysy\u0142ki newslettera (art. 6 ust. 1 lit. b RODO)<\/td>\n<\/tr>\n<tr>\n<th colspan=\"2\">Jak d\u0142ugo?<\/th>\n<\/tr>\n<tr>\n<td colspan=\"2\">do momentu, w kt\u00f3rym wypiszesz si\u0119 z naszego newslettera<\/td>\n<\/tr>\n<tr>\n<td colspan=\"2\">ponadto, Twoje dane b\u0119d\u0105 przetwarzane do up\u0142ywu okresu, w kt\u00f3rym mo\u017cliwe jest dochodzenie roszcze\u0144 \u2013 przez Ciebie lub przez nas (wi\u0119cej informacji na ten temat znajdziesz w ostatniej tabeli tej sekcji)<\/td>\n<\/tr>\n<tr>\n<th colspan=\"2\">Co si\u0119 stanie, je\u015bli nie podasz danych?<\/th>\n<\/tr>\n<tr>\n<td colspan=\"2\">nie b\u0119dziesz mie\u0107 mo\u017cliwo\u015bci otrzymywania informacji dotycz\u0105cych Serwisu i naszych us\u0142ug<\/td>\n<\/tr>\n<\/tbody>\n<\/table>\n<h3>7. Podj\u0119cie dzia\u0142ania lub zaniechanie mog\u0105ce powodowa\u0107 powstanie roszcze\u0144 zwi\u0105zanych z Serwisem lub naszymi us\u0142ugami<\/h3>\n<table>\n<tbody>\n<tr>\n<th colspan=\"2\">W jakim celu?<\/th>\n<\/tr>\n<tr>\n<td colspan=\"2\">ustalenie, dochodzenie lub obrona ewentualnych roszcze\u0144, zwi\u0105zanych z zawart\u0105 umow\u0105 lub \u015bwiadczonymi us\u0142ugami<\/td>\n<\/tr>\n<tr>\n<th colspan=\"2\">Na jakiej podstawie?<\/th>\n<\/tr>\n<tr>\n<td colspan=\"2\">nasz prawnie uzasadniony interes, polegaj\u0105cy na przetwarzaniu danych osobowych we wskazanym powy\u017cej celu (art. 6 ust. 1 lit. f RODO)<\/td>\n<\/tr>\n<tr>\n<th colspan=\"2\">Jak d\u0142ugo?<\/th>\n<\/tr>\n<tr>\n<td colspan=\"2\">do up\u0142ywu okresu przedawnienia roszcze\u0144 lub do momentu, w kt\u00f3rym uwzgl\u0119dnimy Tw\u00f3j sprzeciw wobec przetwarzania*<\/td>\n<\/tr>\n<tr>\n<th colspan=\"2\">Co si\u0119 stanie, je\u015bli nie podasz danych?<\/th>\n<\/tr>\n<tr>\n<td colspan=\"2\">brak mo\u017cliwo\u015bci ustalenia, dochodzenia lub obrony roszcze\u0144<\/td>\n<\/tr>\n<\/tbody>\n<\/table>\n* w zale\u017cno\u015bci od tego, kt\u00f3re ma zastosowanie w danym przypadku i kt\u00f3re nast\u0105pi najwcze\u015bniej\n<h2>PUBLIKOWANIE DANYCH<\/h2>\nJe\u015bli zdecydujesz si\u0119 na opublikowanie komentarza, jego tre\u015b\u0107 oraz Tw\u00f3j podpis b\u0119d\u0105 widoczne dla innych u\u017cytkownik\u00f3w Serwisu. Nie ujawniamy innym u\u017cytkownikom Twojego adresu e-mail \u2013 chyba \u017ce sam to zrobisz.\n<h2>PROFILOWANIE<\/h2>\nW ramach Serwisu dokonujemy profilowania \u2013 w odniesieniu do Ciebie b\u0119dzie to mia\u0142o miejsce, je\u015bli zezwolisz na takie dzia\u0142ania. Profilowanie to polega na automatycznej ocenie, jakimi produktami lub us\u0142ugami mo\u017cesz by\u0107 zainteresowany, wykorzystuj\u0105c do tego informacje o wy\u015bwietlanych przez Ciebie tre\u015bciach. Dzi\u0119ki temu, reklamy produkt\u00f3w lub us\u0142ug wy\u015bwietlane w ramach us\u0142ug internetowych, z kt\u00f3rych korzystasz, b\u0119d\u0105 bardziej dostosowane do Ciebie i Twoich potrzeb. Profilowanie, kt\u00f3rego dokonujemy, nie skutkuje podejmowaniem decyzji wywo\u0142uj\u0105cych wobec Ciebie skutki prawne lub wp\u0142ywaj\u0105cych na Ciebie w podobnie istotny spos\u00f3b.\n<h2>DZIA\u0141ANIA ANALITYCZNE<\/h2>\nW ramach Serwisu prowadzimy dzia\u0142ania analityczne, maj\u0105ce na celu zwi\u0119kszenie jego intuicyjno\u015bci i przyst\u0119pno\u015bci \u2013 w odniesieniu do Ciebie b\u0119dzie to mia\u0142o miejsce, je\u015bli zezwolisz na takie dzia\u0142ania. W ramach analizy b\u0119dziemy bra\u0107 pod uwag\u0119 spos\u00f3b, w jaki poruszasz si\u0119 po Serwisie \u2013 a wi\u0119c np. to, ile czasu sp\u0119dzasz na danej podstronie, czy w kt\u00f3re miejsca w Serwisie klikasz. Dzi\u0119ki temu mo\u017cemy dostosowa\u0107 uk\u0142ad i\u00a0wygl\u0105d Serwisu oraz zamieszczane w nim tre\u015bci do potrzeb U\u017cytkownik\u00f3w.\n<h2>BEZPIECZE\u0143STWO DANYCH<\/h2>\nPrzetwarzaj\u0105c Twoje dane osobowe stosujemy \u015brodki organizacyjne i techniczne zgodne z w\u0142a\u015bciwymi przepisami prawa, w tym stosujemy szyfrowanie po\u0142\u0105czenia za pomoc\u0105 certyfikatu SSL.\n<h2>PLIKI COOKIES<\/h2>\nNasz Serwis, jak wi\u0119kszo\u015b\u0107 witryn internetowych, korzysta z tzw. plik\u00f3w cookies (ciasteczek). Pliki te:\n<ul>\n \t<li>s\u0105 zapisywane w pami\u0119ci Twojego urz\u0105dzenia (komputera, telefonu, itd.);<\/li>\n \t<li>nie powoduj\u0105 zmian w ustawieniach Twojego urz\u0105dzenia.<\/li>\n<\/ul>\nW tym Serwisie ciasteczka wykorzystywane s\u0105 w celach:\n<ul>\n \t<li>zapami\u0119tywania Twojej sesji<\/li>\n \t<li>statystycznych<\/li>\n \t<li>marketingowych<\/li>\n \t<li>udost\u0119pniania funkcji Serwisu<\/li>\n<\/ul>\nAby dowiedzie\u0107 si\u0119, jak zarz\u0105dza\u0107 plikami cookies, w tym jak wy\u0142\u0105czy\u0107 ich obs\u0142ug\u0119 w Twojej przegl\u0105darce, mo\u017cesz skorzysta\u0107 z pliku pomocy Twojej przegl\u0105darki. Z informacjami na ten temat mo\u017cesz zapozna\u0107 si\u0119 wciskaj\u0105c klawisz F1 w przegl\u0105darce. Ponadto odpowiednie wskaz\u00f3wki znajdziesz na nast\u0119puj\u0105cych podstronach, w zale\u017cno\u015bci od przegl\u0105darki, kt\u00f3rej u\u017cywasz:\n<ul>\n \t<li><a href=\"https:\/\/support.mozilla.org\/pl\/kb\/wzmocniona-ochrona-przed-sledzeniem-firefox-desktop?redirectlocale=pl&amp;redirectslug=W%C5%82%C4%85czanie+i+wy%C5%82%C4%85czanie+obs%C5%82ugi+ciasteczek\" target=\"_blank\" rel=\"noopener\">Firefox<\/a><\/li>\n \t<li><a href=\"https:\/\/support.google.com\/chrome\/answer\/95647?hl=pl\" target=\"_blank\" rel=\"noopener\">Chrome<\/a><\/li>\n \t<li><a href=\"https:\/\/support.apple.com\/pl-pl\/guide\/safari\/sfri11471\/mac\" target=\"_blank\" rel=\"noopener\">Safari<\/a><\/li>\n \t<li><a href=\"https:\/\/support.microsoft.com\/pl-pl\/help\/4468242\/microsoft-edge-browsing-data-and-privacy\" target=\"_blank\" rel=\"noopener\">Internet Explorer \/ Microsoft Edge<\/a><\/li>\n<\/ul>\nPliki cookies nie b\u0119d\u0105 przetwarzane przez nas d\u0142u\u017cej ni\u017c 1 rok od ostatniej wizyty w Serwisie. Korzystaj\u0105c z odpowiednich opcji Twojej przegl\u0105darki, w ka\u017cdej chwili mo\u017cesz:\n<ul>\n \t<li>usun\u0105\u0107 pliki cookies,<\/li>\n \t<li>blokowa\u0107 wykorzystanie plik\u00f3w cookies w przysz\u0142o\u015bci.<\/li>\n<\/ul>\nW takich przypadkach nie b\u0119dziemy ich ju\u017c d\u0142u\u017cej przetwarza\u0107. Wi\u0119cej informacji o plikach cookies znajdziesz w <a href=\"https:\/\/pl.wikipedia.org\/wiki\/HTTP_cookie\">Wikipedii<\/a>.\n\n<section>\n<h2>US\u0141UGI ZEWN\u0118TRZNE \/ ODBIORCY DANYCH<\/h2>\nKorzystamy z us\u0142ug podmiot\u00f3w zewn\u0119trznych, kt\u00f3re wspieraj\u0105 nas w prowadzeniu dzia\u0142alno\u015bci. Powierzamy im do przetwarzania Twoje dane \u2013 podmioty te przetwarzaj\u0105 dane wy\u0142\u0105cznie na nasze udokumentowane polecenie. Poni\u017cej znajdziesz list\u0119 odbiorc\u00f3w Twoich danych:\n<table>\n<tbody>\n<tr>\n<th>DZIA\u0141ANIE<\/th>\n<th>ODBIORCY DANYCH<\/th>\n<th>PRZEKAZANIE DANYCH POZA UNI\u0118 EUROPEJSK\u0104<\/th>\n<\/tr>\n<tr>\n<th rowspan=\"4\">ka\u017cde dzia\u0142anie w zwi\u0105zku z Serwisem<\/th>\n<td>hostingodawca<\/td>\n<td>nie ma miejsca<\/td>\n<\/tr>\n<tr>\n<td>podmiot zapewniaj\u0105cy nam wsparcie techniczne\/IT<\/td>\n<td>nie ma miejsca<\/td>\n<\/tr>\n<tr>\n<td>osoby wsp\u00f3\u0142pracuj\u0105ce z nami na podstawie um\u00f3w cywilnoprawnych, wspieraj\u0105ce nasz\u0105 bie\u017c\u0105c\u0105 dzia\u0142alno\u015b\u0107<\/td>\n<td>nie ma miejsca<\/td>\n<\/tr>\n<tr>\n<td>operator internetowej platformy handlowej<\/td>\n<td>nie ma miejsca<\/td>\n<\/tr>\n<tr>\n<th rowspan=\"1\">przebywanie na stronie Serwisu z ustawieniami zezwalaj\u0105cymi na prowadzenie dzia\u0142a\u0144 marketingowych<\/th>\n<td>podmiot zapewniaj\u0105cy us\u0142ugi marketingowe<\/td>\n<td>nie ma miejsca<\/td>\n<\/tr>\n<tr>\n<th rowspan=\"1\">przebywanie na stronie Serwisu z ustawieniami zezwalaj\u0105cymi na prowadzenie dzia\u0142a\u0144 analitycznych<\/th>\n<td>podmiot umo\u017cliwiaj\u0105cy dzia\u0142ania analityczne na stronie<\/td>\n<td>nie ma miejsca<\/td>\n<\/tr>\n<tr>\n<th rowspan=\"3\">skorzystanie z bezp\u0142atnych us\u0142ug dost\u0119pnych w Serwisie<\/th>\n<td>biuro rachunkowe<\/td>\n<td>nie ma miejsca<\/td>\n<\/tr>\n<tr>\n<td>dostawca p\u0142atno\u015bci<\/td>\n<td>nie ma miejsca<\/td>\n<\/tr>\n<tr>\n<td>dostawca standardowego oprogramowania biurowego (w tym skrzynki poczty elektronicznej)<\/td>\n<td>nie ma miejsca<\/td>\n<\/tr>\n<tr>\n<th rowspan=\"1\">zapis na newsletter lub wyra\u017cenie zgody na przesy\u0142anie wiadomo\u015bci marketingowych<\/th>\n<td>podmiot zapewniaj\u0105cy wysy\u0142k\u0119 newslettera lub wiadomo\u015bci marketingowych<\/td>\n<td>nie ma miejsca<\/td>\n<\/tr>\n<tr>\n<th rowspan=\"1\">skorzystanie przez Ciebie z us\u0142ug dostarczanych nam w zwi\u0105zku z Serwisem przez portale spo\u0142eczno\u015bciowe<\/th>\n<td>portale spo\u0142eczno\u015bciowe<\/td>\n<td>nie ma miejsca<\/td>\n<\/tr>\n<tr>\n<th rowspan=\"1\">nawi\u0105zanie z nami kontaktu (np. zadanie pytania)<\/th>\n<td>dostawca standardowego oprogramowania biurowego (w tym skrzynki poczty elektronicznej)<\/td>\n<td>nie ma miejsca<\/td>\n<\/tr>\n<\/tbody>\n<\/table>\n<\/section>\t\t\t\t\t\t\t\t<\/div>\n\t\t\t\t<\/div>\n\t\t\t\t\t<\/div>\n\t\t\t\t<\/div>\n\t\t\t\t<\/div>\n\t\t","protected":false},"excerpt":{"rendered":"<p>Polityka prywatno\u015bci Serwisu Drogi U\u017cytkowniku! Dbamy o Twoj\u0105 prywatno\u015b\u0107 i chcemy, aby\u015b w czasie korzystania z naszych us\u0142ug czu\u0142 si\u0119 komfortowo. Dlatego te\u017c poni\u017cej prezentujemy Ci najwa\u017cniejsze informacje o zasadach przetwarzania przez nas Twoich danych osobowych oraz plikach cookies, kt\u00f3re s\u0105 wykorzystywane przez nasz Serwis. Informacje te zosta\u0142y przygotowane z uwzgl\u0119dnieniem RODO, czyli og\u00f3lnego rozporz\u0105dzenia [&hellip;]<\/p>\n","protected":false},"author":2,"featured_media":0,"parent":0,"menu_order":0,"comment_status":"closed","ping_status":"closed","template":"","meta":{"content-type":"","footnotes":""},"class_list":["post-3","page","type-page","status-publish","hentry"],"_links":{"self":[{"href":"https:\/\/madtechnologies.eu\/pl\/wp-json\/wp\/v2\/pages\/3","targetHints":{"allow":["GET"]}}],"collection":[{"href":"https:\/\/madtechnologies.eu\/pl\/wp-json\/wp\/v2\/pages"}],"about":[{"href":"https:\/\/madtechnologies.eu\/pl\/wp-json\/wp\/v2\/types\/page"}],"author":[{"embeddable":true,"href":"https:\/\/madtechnologies.eu\/pl\/wp-json\/wp\/v2\/users\/2"}],"replies":[{"embeddable":true,"href":"https:\/\/madtechnologies.eu\/pl\/wp-json\/wp\/v2\/comments?post=3"}],"version-history":[{"count":13,"href":"https:\/\/madtechnologies.eu\/pl\/wp-json\/wp\/v2\/pages\/3\/revisions"}],"predecessor-version":[{"id":3422,"href":"https:\/\/madtechnologies.eu\/pl\/wp-json\/wp\/v2\/pages\/3\/revisions\/3422"}],"wp:attachment":[{"href":"https:\/\/madtechnologies.eu\/pl\/wp-json\/wp\/v2\/media?parent=3"}],"curies":[{"name":"wp","href":"https:\/\/api.w.org\/{rel}","templated":true}]}}